{"id":73,"date":"2021-08-08T17:47:25","date_gmt":"2021-08-08T15:47:25","guid":{"rendered":"http:\/\/kusch-baiersdorf.de\/?page_id=73"},"modified":"2025-08-27T09:53:13","modified_gmt":"2025-08-27T07:53:13","slug":"ihr-koennt-uns-helfen","status":"publish","type":"page","link":"https:\/\/kusch-baiersdorf.de\/en\/ihr-koennt-uns-helfen\/","title":{"rendered":"You can help us"},"content":{"rendered":"\n<p class=\"has-text-color\" style=\"color:#000000\">Wie schon erw\u00e4hnt, betreiben wir die Kulturscheune ehrenamtlich und ohne Gewinnabsicht.<br>Trotzdem entstehen nat\u00fcrlich verschiedene Kosten.<\/p>\n\n\n\n<p class=\"has-text-color\" style=\"color:#000000\">Wenn ihr uns helfen wollt, k\u00f6nnt ihr dies mit oder ohne Geld tun.<\/p>\n\n\n\n<br>\n\n\n<p class=\"has-text-color\" style=\"color: #000000;\"><strong><em>Ohne Geld:<\/em><\/strong><br \/>Wie ihr bestimmt wisst, ist Reichweite heutzutage alles. Daher w\u00fcrdet ihr uns sehr helfen, wenn ihr uns in den sozialen Medien bei <a href=\"https:\/\/www.facebook.com\/KuSch-Kulturscheune-Baiersdorf-1974133519310950\" target=\"_blank\" rel=\"noreferrer noopener\" data-type=\"URL\" data-id=\"https:\/\/www.facebook.com\/KuSch-Kulturscheune-Baiersdorf-1974133519310950\"><img loading=\"lazy\" decoding=\"async\" width=\"36\" height=\"36\" class=\"wp-image-74\" style=\"width: 36px;\" src=\"http:\/\/kusch-baiersdorf.de\/wp-content\/uploads\/2021\/08\/facebook_logo.png\" alt=\"Facebook Logo und Link\" srcset=\"https:\/\/kusch-baiersdorf.de\/wp-content\/uploads\/2021\/08\/facebook_logo.png 800w, https:\/\/kusch-baiersdorf.de\/wp-content\/uploads\/2021\/08\/facebook_logo-300x300.png 300w, https:\/\/kusch-baiersdorf.de\/wp-content\/uploads\/2021\/08\/facebook_logo-100x100.png 100w, https:\/\/kusch-baiersdorf.de\/wp-content\/uploads\/2021\/08\/facebook_logo-600x600.png 600w, https:\/\/kusch-baiersdorf.de\/wp-content\/uploads\/2021\/08\/facebook_logo-150x150.png 150w, https:\/\/kusch-baiersdorf.de\/wp-content\/uploads\/2021\/08\/facebook_logo-768x768.png 768w, https:\/\/kusch-baiersdorf.de\/wp-content\/uploads\/2021\/08\/facebook_logo-700x700.png 700w\" sizes=\"auto, (max-width: 36px) 100vw, 36px\" \/><\/a> ,\u00a0<a href=\"https:\/\/www.instagram.com\/kulturscheune.baiersdorf\/\" target=\"_blank\" rel=\"noreferrer noopener\" data-type=\"URL\" data-id=\"https:\/\/www.instagram.com\/kulturscheune.baiersdorf\/\"><img loading=\"lazy\" decoding=\"async\" width=\"40\" height=\"40\" class=\"wp-image-75\" style=\"width: 40px;\" src=\"http:\/\/kusch-baiersdorf.de\/wp-content\/uploads\/2021\/08\/instagram_logo.png\" alt=\"Instagram Logo und Link\" srcset=\"https:\/\/kusch-baiersdorf.de\/wp-content\/uploads\/2021\/08\/instagram_logo.png 768w, https:\/\/kusch-baiersdorf.de\/wp-content\/uploads\/2021\/08\/instagram_logo-300x300.png 300w, https:\/\/kusch-baiersdorf.de\/wp-content\/uploads\/2021\/08\/instagram_logo-100x100.png 100w, https:\/\/kusch-baiersdorf.de\/wp-content\/uploads\/2021\/08\/instagram_logo-600x600.png 600w, https:\/\/kusch-baiersdorf.de\/wp-content\/uploads\/2021\/08\/instagram_logo-150x150.png 150w, https:\/\/kusch-baiersdorf.de\/wp-content\/uploads\/2021\/08\/instagram_logo-700x700.png 700w\" sizes=\"auto, (max-width: 40px) 100vw, 40px\" \/><\/a> und <a href=\"https:\/\/bsky.app\/profile\/kusch-baiersdorf.de\"><img loading=\"lazy\" decoding=\"async\" class=\"alignnone  wp-image-1088\" src=\"https:\/\/kusch-baiersdorf.de\/wp-content\/uploads\/2025\/08\/Bluesky_logo-300x265.png\" alt=\"\" width=\"42\" height=\"37\" srcset=\"https:\/\/kusch-baiersdorf.de\/wp-content\/uploads\/2025\/08\/Bluesky_logo-300x265.png 300w, https:\/\/kusch-baiersdorf.de\/wp-content\/uploads\/2025\/08\/Bluesky_logo-14x12.png 14w, https:\/\/kusch-baiersdorf.de\/wp-content\/uploads\/2025\/08\/Bluesky_logo.png 600w\" sizes=\"auto, (max-width: 42px) 100vw, 42px\" \/><\/a> folgt und unseren Beitr\u00e4gen Likes gebt und sie teilt.<\/p>\n\n\n<p class=\"has-text-color\" style=\"color:#000000\">Auch, wenn ihr uns auf <a rel=\"noreferrer noopener\" href=\"https:\/\/www.twitch.tv\/kuschbaiersdorf\" data-type=\"URL\" data-id=\"https:\/\/www.twitch.tv\/kuschbaiersdorf\" target=\"_blank\"><img loading=\"lazy\" decoding=\"async\" width=\"60\" height=\"20\" class=\"wp-image-76\" style=\"width: 60px;\" src=\"http:\/\/kusch-baiersdorf.de\/wp-content\/uploads\/2021\/08\/logo-twitch-49215.png\" alt=\"Twitch Logo\" srcset=\"https:\/\/kusch-baiersdorf.de\/wp-content\/uploads\/2021\/08\/logo-twitch-49215.png 5000w, https:\/\/kusch-baiersdorf.de\/wp-content\/uploads\/2021\/08\/logo-twitch-49215-300x99.png 300w, https:\/\/kusch-baiersdorf.de\/wp-content\/uploads\/2021\/08\/logo-twitch-49215-600x199.png 600w, https:\/\/kusch-baiersdorf.de\/wp-content\/uploads\/2021\/08\/logo-twitch-49215-1024x339.png 1024w, https:\/\/kusch-baiersdorf.de\/wp-content\/uploads\/2021\/08\/logo-twitch-49215-768x255.png 768w, https:\/\/kusch-baiersdorf.de\/wp-content\/uploads\/2021\/08\/logo-twitch-49215-1536x509.png 1536w, https:\/\/kusch-baiersdorf.de\/wp-content\/uploads\/2021\/08\/logo-twitch-49215-2048x679.png 2048w\" sizes=\"auto, (max-width: 60px) 100vw, 60px\" \/><\/a> und <a rel=\"noreferrer noopener\" href=\"https:\/\/www.youtube.com\/channel\/UCLlPF1bx2StqyaSN38w-HQQ\" data-type=\"URL\" data-id=\"https:\/\/www.youtube.com\/channel\/UCLlPF1bx2StqyaSN38w-HQQ\" target=\"_blank\"><img loading=\"lazy\" decoding=\"async\" width=\"60\" height=\"24\" class=\"wp-image-77\" style=\"width: 60px;\" src=\"http:\/\/kusch-baiersdorf.de\/wp-content\/uploads\/2021\/08\/pngkey.com-youtube-logo-png-transparent-138700.png\" alt=\"YouTube Logo\" srcset=\"https:\/\/kusch-baiersdorf.de\/wp-content\/uploads\/2021\/08\/pngkey.com-youtube-logo-png-transparent-138700.png 898w, https:\/\/kusch-baiersdorf.de\/wp-content\/uploads\/2021\/08\/pngkey.com-youtube-logo-png-transparent-138700-300x120.png 300w, https:\/\/kusch-baiersdorf.de\/wp-content\/uploads\/2021\/08\/pngkey.com-youtube-logo-png-transparent-138700-600x241.png 600w, https:\/\/kusch-baiersdorf.de\/wp-content\/uploads\/2021\/08\/pngkey.com-youtube-logo-png-transparent-138700-768x308.png 768w\" sizes=\"auto, (max-width: 60px) 100vw, 60px\" \/><\/a> folgt und unsere Kan\u00e4le abonniert, helft ihr uns sehr!<\/p>\n\n\n\n<br>\n\n\n\n<p><\/p>\n\n\n<p class=\"has-text-color\" style=\"color: #000000;\" data-darkreader-inline-color=\"\"><strong><em>Mit Geld:<\/em><\/strong><br \/>Nutzt f\u00fcr eure Eink\u00e4ufe <a href=\"https:\/\/www.gooding.de\/shops\" target=\"_blank\" rel=\"noopener\"><img loading=\"lazy\" decoding=\"async\" class=\"alignnone wp-image-705\" src=\"https:\/\/kusch-baiersdorf.de\/wp-content\/uploads\/2024\/05\/Gooding-Logo-ohne-Hintergrund-300x115.png\" alt=\"Gooding Logo mit Link zur Gooding Homepage\" width=\"94\" height=\"36\" srcset=\"https:\/\/kusch-baiersdorf.de\/wp-content\/uploads\/2024\/05\/Gooding-Logo-ohne-Hintergrund-300x115.png 300w, https:\/\/kusch-baiersdorf.de\/wp-content\/uploads\/2024\/05\/Gooding-Logo-ohne-Hintergrund-600x231.png 600w, https:\/\/kusch-baiersdorf.de\/wp-content\/uploads\/2024\/05\/Gooding-Logo-ohne-Hintergrund-1024x394.png 1024w, https:\/\/kusch-baiersdorf.de\/wp-content\/uploads\/2024\/05\/Gooding-Logo-ohne-Hintergrund-768x295.png 768w, https:\/\/kusch-baiersdorf.de\/wp-content\/uploads\/2024\/05\/Gooding-Logo-ohne-Hintergrund-18x7.png 18w, https:\/\/kusch-baiersdorf.de\/wp-content\/uploads\/2024\/05\/Gooding-Logo-ohne-Hintergrund.png 1537w\" sizes=\"auto, (max-width: 94px) 100vw, 94px\" \/><\/a>\u00a0 und helft uns mit jedem ausgegebenen Cent, oder spendet direkt f\u00fcr Projekte auf <a href=\"https:\/\/www.betterplace.org\/de\/organisations\/38697-kulturscheune-baiersdorf-e-v\" target=\"_blank\" rel=\"noreferrer noopener\" data-type=\"URL\" data-id=\"https:\/\/www.betterplace.org\/de\/projects\/73291-ausstattung-fuer-den-verein-kulturscheune-baiersdorf-e-v\"><img loading=\"lazy\" decoding=\"async\" class=\"alignnone wp-image-79\" style=\"width: 110px;\" src=\"http:\/\/kusch-baiersdorf.de\/wp-content\/uploads\/2021\/08\/betterplace_Logo_org.png\" alt=\"Logo Betterplace\" width=\"2628\" height=\"696\" srcset=\"https:\/\/kusch-baiersdorf.de\/wp-content\/uploads\/2021\/08\/betterplace_Logo_org.png 2628w, https:\/\/kusch-baiersdorf.de\/wp-content\/uploads\/2021\/08\/betterplace_Logo_org-300x79.png 300w, https:\/\/kusch-baiersdorf.de\/wp-content\/uploads\/2021\/08\/betterplace_Logo_org-600x159.png 600w, https:\/\/kusch-baiersdorf.de\/wp-content\/uploads\/2021\/08\/betterplace_Logo_org-1024x271.png 1024w, https:\/\/kusch-baiersdorf.de\/wp-content\/uploads\/2021\/08\/betterplace_Logo_org-768x203.png 768w, https:\/\/kusch-baiersdorf.de\/wp-content\/uploads\/2021\/08\/betterplace_Logo_org-1536x407.png 1536w, https:\/\/kusch-baiersdorf.de\/wp-content\/uploads\/2021\/08\/betterplace_Logo_org-2048x542.png 2048w\" sizes=\"auto, (max-width: 2628px) 100vw, 2628px\" \/><\/a>(hier erhaltet ihr sogar eine Spendenquittung, die ihr von der Steuer absetzen k\u00f6nnt).<\/p>\n\n\n<br>\n\n\n\n<p class=\"has-text-color\" style=\"color:#000000;font-size:18px\">Wir suchen au\u00dferdem immer Unterst\u00fctzung f\u00fcr unser Team. Wenn ihr also Lust habt, uns unter die Arme zu greifen oder sogar Teil unseres Teams zu werden, schreibt uns an, ruft durch oder kommt einfach vorbei.<\/p>\n\n\n\n<br>\n\n\n\n<p><\/p>\n\n\n\n<p><\/p>\n\n\n\n<p><\/p>\n\n\n\n<p><\/p>\n\n\n\n<script type=\"text\/javascript\">\n  \/* Configure at https:\/\/www.betterplace.org\/de\/manage\/projects\/150228-interaktive-kunstausstellung\/iframe_donation_form\/new *\/\n  var _bp_iframe        = _bp_iframe || {};\n  _bp_iframe.project_id = 150228; \/* REQUIRED *\/\n  _bp_iframe.lang       = 'de'; \/* Language of the form *\/\n  _bp_iframe.width = 600; \/* Custom iframe-tag-width, integer *\/\n  _bp_iframe.color = '6c9c2e'; \/* Button and banderole color, hex without \"#\" *\/\n  _bp_iframe.background_color = 'ffffff'; \/* Background-color, hex without \"#\" *\/\n  _bp_iframe.default_amount = 10; \/* Donation-amount, integer 1-99 *\/\n  _bp_iframe.recurring_interval = 'single'; \/* Interval for recurring donations, string out of single, monthly und yearly *\/\n  _bp_iframe.bottom_logo = true;\n  (function() {\n    var bp = document.createElement('script'); bp.type = 'text\/javascript'; bp.async = true;\n    bp.src = 'https:\/\/betterplace-assets.betterplace.org\/assets\/load_donation_iframe.js';\n    var s = document.getElementsByTagName('script')[0]; s.parentNode.insertBefore(bp, s);\n  })();\n<\/script>\n<div id=\"betterplace_donation_iframe\" style=\"background: transparent url('https:\/\/www.betterplace.org\/assets\/new_spinner.gif') 275px 20px no-repeat;\"><strong><a href=\"https:\/\/www.betterplace.org\/de\/donate\/platform\/projects\/150228-interaktive-kunstausstellung\" target=\"_blank\" rel=\"noopener\">Jetzt Spenden f\u00fcr \u201eInteraktive Kunstausstellung\u201c bei unserem Partner betterplace.org<\/a><\/strong><\/div>\n","protected":false},"excerpt":{"rendered":"<p>Wie schon erw\u00e4hnt, betreiben wir die Kulturscheune ehrenamtlich und ohne Gewinnabsicht.Trotzdem entstehen nat\u00fcrlich verschiedene Kosten. Wenn ihr uns helfen wollt, [&hellip;]<\/p>\n","protected":false},"author":1,"featured_media":0,"parent":0,"menu_order":0,"comment_status":"closed","ping_status":"closed","template":"","meta":{"_EventAllDay":false,"_EventTimezone":"","_EventStartDate":"","_EventEndDate":"","_EventStartDateUTC":"","_EventEndDateUTC":"","_EventShowMap":false,"_EventShowMapLink":false,"_EventURL":"","_EventCost":"","_EventCostDescription":"","_EventCurrencySymbol":"","_EventCurrencyCode":"","_EventCurrencyPosition":"","_EventDateTimeSeparator":"","_EventTimeRangeSeparator":"","_EventOrganizerID":[],"_EventVenueID":[],"_OrganizerEmail":"","_OrganizerPhone":"","_OrganizerWebsite":"","_VenueAddress":"","_VenueCity":"","_VenueCountry":"","_VenueProvince":"","_VenueState":"","_VenueZip":"","_VenuePhone":"","_VenueURL":"","_VenueStateProvince":"","_VenueLat":"","_VenueLng":"","_VenueShowMap":false,"_VenueShowMapLink":false,"footnotes":""},"class_list":["post-73","page","type-page","status-publish","hentry"],"_links":{"self":[{"href":"https:\/\/kusch-baiersdorf.de\/en\/wp-json\/wp\/v2\/pages\/73","targetHints":{"allow":["GET"]}}],"collection":[{"href":"https:\/\/kusch-baiersdorf.de\/en\/wp-json\/wp\/v2\/pages"}],"about":[{"href":"https:\/\/kusch-baiersdorf.de\/en\/wp-json\/wp\/v2\/types\/page"}],"author":[{"embeddable":true,"href":"https:\/\/kusch-baiersdorf.de\/en\/wp-json\/wp\/v2\/users\/1"}],"replies":[{"embeddable":true,"href":"https:\/\/kusch-baiersdorf.de\/en\/wp-json\/wp\/v2\/comments?post=73"}],"version-history":[{"count":15,"href":"https:\/\/kusch-baiersdorf.de\/en\/wp-json\/wp\/v2\/pages\/73\/revisions"}],"predecessor-version":[{"id":1100,"href":"https:\/\/kusch-baiersdorf.de\/en\/wp-json\/wp\/v2\/pages\/73\/revisions\/1100"}],"wp:attachment":[{"href":"https:\/\/kusch-baiersdorf.de\/en\/wp-json\/wp\/v2\/media?parent=73"}],"curies":[{"name":"wp","href":"https:\/\/api.w.org\/{rel}","templated":true}]}}