{"id":69,"date":"2021-08-08T15:22:57","date_gmt":"2021-08-08T15:22:57","guid":{"rendered":"http:\/\/kusch-baiersdorf.de\/?page_id=69"},"modified":"2025-08-28T15:11:50","modified_gmt":"2025-08-28T13:11:50","slug":"belegungskalender","status":"publish","type":"page","link":"https:\/\/kusch-baiersdorf.de\/en\/belegungskalender\/","title":{"rendered":"Booking calendar"},"content":{"rendered":"\n<p class=\"has-text-color\" style=\"color:#000000\">Hier k\u00f6nnt ihr euch eine \u00dcbersicht \u00fcber noch freie Termine in der Scheune verschaffen. <br>Da wir die Scheune ehrenamtlich betreiben, versuchen wir maximal zwei kulturelle Veranstaltungen pro Monat umzusetzen (Nicht alle belegten Termine sind auch Konzerte o.\u00c4. \ud83d\ude09 ).<br>Wenn ihr mit uns in Kontakt treten wollt, schaut doch auf unsere <a href=\"https:\/\/kusch-baiersdorf.de\/kontakt\/\" data-type=\"page\" data-id=\"71\">Kontaktseite<\/a>!<\/p>\n\n\n<div class=\"wpbs-main-wrapper wpbs-main-wrapper-calendar-1 wpbs-main-wrapper-form-0\"><div class=\"wpbs-container wpbs-enable-hover wpbs-calendar-1\" data-id=\"1\" data-show_title=\"0\" data-show_legend=\"1\" data-current_year=\"2026\" data-current_month=\"4\" data-language=\"en\" data-min_width=\"200\" data-max_width=\"380\" data-start_date=\"0\" data-end_date=\"0\" ><div class=\"wpbs-calendars-wrapper wpbs-legend-position-side\"><div class=\"wpbs-legend\"><div class=\"wpbs-legend-item\"><div class=\"wpbs-legend-item-icon wpbs-legend-item-icon-1\" data-type=\"single\"><div class=\"wpbs-legend-item-icon-color\" ><\/div><div class=\"wpbs-legend-item-icon-color\" ><\/div><\/div><span class=wpbs-legend-item-name>Verf\u00fcgbar<\/span><\/div><div class=\"wpbs-legend-item\"><div class=\"wpbs-legend-item-icon wpbs-legend-item-icon-2\" data-type=\"single\"><div class=\"wpbs-legend-item-icon-color\" ><\/div><div class=\"wpbs-legend-item-icon-color\" ><\/div><\/div><span class=wpbs-legend-item-name>Gebucht<\/span><\/div><\/div><div class=\"wpbs-calendars\"><div class=\"wpbs-calendar\"><div class=\"wpbs-calendar-header wpbs-heading\"><div class=\"wpbs-calendar-header-navigation\"><a href=\"#\" class=\"wpbs-prev\"><span class=\"wpbs-arrow\"><\/span><\/a><div class=\"wpbs-select-container\"><select><option value=\"1768435200\" >January 2026<\/option><option value=\"1771113600\" >February 2026<\/option><option value=\"1773532800\" >March 2026<\/option><option value=\"1776211200\"  selected='selected'>April 2026<\/option><option value=\"1778803200\" >May 2026<\/option><option value=\"1781481600\" >June 2026<\/option><option value=\"1784073600\" >July 2026<\/option><option value=\"1786752000\" >August 2026<\/option><option value=\"1789430400\" >September 2026<\/option><option value=\"1792022400\" >October 2026<\/option><option value=\"1794700800\" >November 2026<\/option><option value=\"1797292800\" >December 2026<\/option><option value=\"1799971200\" >January 2027<\/option><option value=\"1802649600\" >February 2027<\/option><option value=\"1805068800\" >March 2027<\/option><option value=\"1807747200\" >April 2027<\/option><\/select><\/div><a href=\"#\" class=\"wpbs-next\"><span class=\"wpbs-arrow\"><\/span><\/a><\/div><\/div><div class=\"wpbs-calendar-wrapper\"><table><thead><tr><th>M<\/th><th>T<\/th><th>W<\/th><th>T<\/th><th>F<\/th><th>S<\/th><th>S<\/th><\/tr><\/thead><tbody><tr><td><div class=\"wpbs-date   wpbs-gap  \"  data-price=\"\"><div class=\"wpbs-date-inner\"><\/div><\/div><\/td><td><div class=\"wpbs-date   wpbs-gap  \"  data-price=\"\"><div class=\"wpbs-date-inner\"><\/div><\/div><\/td><td><div class=\"wpbs-date wpbs-legend-item-1    \" data-year=\"2026\" data-month=\"4\" data-day=\"1\" data-price=\"\"><div class=\"wpbs-legend-item-icon wpbs-legend-item-icon-1\" data-type=\"single\"><div class=\"wpbs-legend-item-icon-color\" ><\/div><div class=\"wpbs-legend-item-icon-color\" ><\/div><\/div><div class=\"wpbs-date-inner\"><span class=\"wpbs-date-number\">1<\/span><\/div><\/div><\/td><td><div class=\"wpbs-date wpbs-legend-item-1    \" data-year=\"2026\" data-month=\"4\" data-day=\"2\" data-price=\"\"><div class=\"wpbs-legend-item-icon wpbs-legend-item-icon-1\" data-type=\"single\"><div class=\"wpbs-legend-item-icon-color\" ><\/div><div class=\"wpbs-legend-item-icon-color\" ><\/div><\/div><div class=\"wpbs-date-inner\"><span class=\"wpbs-date-number\">2<\/span><\/div><\/div><\/td><td><div class=\"wpbs-date wpbs-legend-item-1    \" data-year=\"2026\" data-month=\"4\" data-day=\"3\" data-price=\"\"><div class=\"wpbs-legend-item-icon wpbs-legend-item-icon-1\" data-type=\"single\"><div class=\"wpbs-legend-item-icon-color\" ><\/div><div class=\"wpbs-legend-item-icon-color\" ><\/div><\/div><div class=\"wpbs-date-inner\"><span class=\"wpbs-date-number\">3<\/span><\/div><\/div><\/td><td><div class=\"wpbs-date wpbs-legend-item-1    \" data-year=\"2026\" data-month=\"4\" data-day=\"4\" data-price=\"\"><div class=\"wpbs-legend-item-icon wpbs-legend-item-icon-1\" data-type=\"single\"><div class=\"wpbs-legend-item-icon-color\" ><\/div><div class=\"wpbs-legend-item-icon-color\" ><\/div><\/div><div class=\"wpbs-date-inner\"><span class=\"wpbs-date-number\">4<\/span><\/div><\/div><\/td><td><div class=\"wpbs-date wpbs-legend-item-1    \" data-year=\"2026\" data-month=\"4\" data-day=\"5\" data-price=\"\"><div class=\"wpbs-legend-item-icon wpbs-legend-item-icon-1\" data-type=\"single\"><div class=\"wpbs-legend-item-icon-color\" ><\/div><div class=\"wpbs-legend-item-icon-color\" ><\/div><\/div><div class=\"wpbs-date-inner\"><span class=\"wpbs-date-number\">5<\/span><\/div><\/div><\/td><\/tr><tr><td><div class=\"wpbs-date wpbs-legend-item-1    \" data-year=\"2026\" data-month=\"4\" data-day=\"6\" data-price=\"\"><div class=\"wpbs-legend-item-icon wpbs-legend-item-icon-1\" data-type=\"single\"><div class=\"wpbs-legend-item-icon-color\" ><\/div><div class=\"wpbs-legend-item-icon-color\" ><\/div><\/div><div class=\"wpbs-date-inner\"><span class=\"wpbs-date-number\">6<\/span><\/div><\/div><\/td><td><div class=\"wpbs-date wpbs-legend-item-1    \" data-year=\"2026\" data-month=\"4\" data-day=\"7\" data-price=\"\"><div class=\"wpbs-legend-item-icon wpbs-legend-item-icon-1\" data-type=\"single\"><div class=\"wpbs-legend-item-icon-color\" ><\/div><div class=\"wpbs-legend-item-icon-color\" ><\/div><\/div><div class=\"wpbs-date-inner\"><span class=\"wpbs-date-number\">7<\/span><\/div><\/div><\/td><td><div class=\"wpbs-date wpbs-legend-item-2    \" data-year=\"2026\" data-month=\"4\" data-day=\"8\" data-price=\"\"><div class=\"wpbs-legend-item-icon wpbs-legend-item-icon-2\" data-type=\"single\"><div class=\"wpbs-legend-item-icon-color\" ><\/div><div class=\"wpbs-legend-item-icon-color\" ><\/div><\/div><div class=\"wpbs-date-inner\"><span class=\"wpbs-date-number\">8<\/span><\/div><\/div><\/td><td><div class=\"wpbs-date wpbs-legend-item-1    \" data-year=\"2026\" data-month=\"4\" data-day=\"9\" data-price=\"\"><div class=\"wpbs-legend-item-icon wpbs-legend-item-icon-1\" data-type=\"single\"><div class=\"wpbs-legend-item-icon-color\" ><\/div><div class=\"wpbs-legend-item-icon-color\" ><\/div><\/div><div class=\"wpbs-date-inner\"><span class=\"wpbs-date-number\">9<\/span><\/div><\/div><\/td><td><div class=\"wpbs-date wpbs-legend-item-1    \" data-year=\"2026\" data-month=\"4\" data-day=\"10\" data-price=\"\"><div class=\"wpbs-legend-item-icon wpbs-legend-item-icon-1\" data-type=\"single\"><div class=\"wpbs-legend-item-icon-color\" ><\/div><div class=\"wpbs-legend-item-icon-color\" ><\/div><\/div><div class=\"wpbs-date-inner\"><span class=\"wpbs-date-number\">10<\/span><\/div><\/div><\/td><td><div class=\"wpbs-date wpbs-legend-item-2    \" data-year=\"2026\" data-month=\"4\" data-day=\"11\" data-price=\"\"><div class=\"wpbs-legend-item-icon wpbs-legend-item-icon-2\" data-type=\"single\"><div class=\"wpbs-legend-item-icon-color\" ><\/div><div class=\"wpbs-legend-item-icon-color\" ><\/div><\/div><div class=\"wpbs-date-inner\"><span class=\"wpbs-date-number\">11<\/span><\/div><\/div><\/td><td><div class=\"wpbs-date wpbs-legend-item-1    \" data-year=\"2026\" data-month=\"4\" data-day=\"12\" data-price=\"\"><div class=\"wpbs-legend-item-icon wpbs-legend-item-icon-1\" data-type=\"single\"><div class=\"wpbs-legend-item-icon-color\" ><\/div><div class=\"wpbs-legend-item-icon-color\" ><\/div><\/div><div class=\"wpbs-date-inner\"><span class=\"wpbs-date-number\">12<\/span><\/div><\/div><\/td><\/tr><tr><td><div class=\"wpbs-date wpbs-legend-item-1    \" data-year=\"2026\" data-month=\"4\" data-day=\"13\" data-price=\"\"><div class=\"wpbs-legend-item-icon wpbs-legend-item-icon-1\" data-type=\"single\"><div class=\"wpbs-legend-item-icon-color\" ><\/div><div class=\"wpbs-legend-item-icon-color\" ><\/div><\/div><div class=\"wpbs-date-inner\"><span class=\"wpbs-date-number\">13<\/span><\/div><\/div><\/td><td><div class=\"wpbs-date wpbs-legend-item-1    \" data-year=\"2026\" data-month=\"4\" data-day=\"14\" data-price=\"\"><div class=\"wpbs-legend-item-icon wpbs-legend-item-icon-1\" data-type=\"single\"><div class=\"wpbs-legend-item-icon-color\" ><\/div><div class=\"wpbs-legend-item-icon-color\" ><\/div><\/div><div class=\"wpbs-date-inner\"><span class=\"wpbs-date-number\">14<\/span><\/div><\/div><\/td><td><div class=\"wpbs-date wpbs-legend-item-1    \" data-year=\"2026\" data-month=\"4\" data-day=\"15\" data-price=\"\"><div class=\"wpbs-legend-item-icon wpbs-legend-item-icon-1\" data-type=\"single\"><div class=\"wpbs-legend-item-icon-color\" ><\/div><div class=\"wpbs-legend-item-icon-color\" ><\/div><\/div><div class=\"wpbs-date-inner\"><span class=\"wpbs-date-number\">15<\/span><\/div><\/div><\/td><td><div class=\"wpbs-date wpbs-legend-item-1    \" data-year=\"2026\" data-month=\"4\" data-day=\"16\" data-price=\"\"><div class=\"wpbs-legend-item-icon wpbs-legend-item-icon-1\" data-type=\"single\"><div class=\"wpbs-legend-item-icon-color\" ><\/div><div class=\"wpbs-legend-item-icon-color\" ><\/div><\/div><div class=\"wpbs-date-inner\"><span class=\"wpbs-date-number\">16<\/span><\/div><\/div><\/td><td><div class=\"wpbs-date wpbs-legend-item-1    \" data-year=\"2026\" data-month=\"4\" data-day=\"17\" data-price=\"\"><div class=\"wpbs-legend-item-icon wpbs-legend-item-icon-1\" data-type=\"single\"><div class=\"wpbs-legend-item-icon-color\" ><\/div><div class=\"wpbs-legend-item-icon-color\" ><\/div><\/div><div class=\"wpbs-date-inner\"><span class=\"wpbs-date-number\">17<\/span><\/div><\/div><\/td><td><div class=\"wpbs-date wpbs-legend-item-2    \" data-year=\"2026\" data-month=\"4\" data-day=\"18\" data-price=\"\"><div class=\"wpbs-legend-item-icon wpbs-legend-item-icon-2\" data-type=\"single\"><div class=\"wpbs-legend-item-icon-color\" ><\/div><div class=\"wpbs-legend-item-icon-color\" ><\/div><\/div><div class=\"wpbs-date-inner\"><span class=\"wpbs-date-number\">18<\/span><\/div><\/div><\/td><td><div class=\"wpbs-date wpbs-legend-item-2    \" data-year=\"2026\" data-month=\"4\" data-day=\"19\" data-price=\"\"><div class=\"wpbs-legend-item-icon wpbs-legend-item-icon-2\" data-type=\"single\"><div class=\"wpbs-legend-item-icon-color\" ><\/div><div class=\"wpbs-legend-item-icon-color\" ><\/div><\/div><div class=\"wpbs-date-inner\"><span class=\"wpbs-date-number\">19<\/span><\/div><\/div><\/td><\/tr><tr><td><div class=\"wpbs-date wpbs-legend-item-1    \" data-year=\"2026\" data-month=\"4\" data-day=\"20\" data-price=\"\"><div class=\"wpbs-legend-item-icon wpbs-legend-item-icon-1\" data-type=\"single\"><div class=\"wpbs-legend-item-icon-color\" ><\/div><div class=\"wpbs-legend-item-icon-color\" ><\/div><\/div><div class=\"wpbs-date-inner\"><span class=\"wpbs-date-number\">20<\/span><\/div><\/div><\/td><td><div class=\"wpbs-date wpbs-legend-item-1    \" data-year=\"2026\" data-month=\"4\" data-day=\"21\" data-price=\"\"><div class=\"wpbs-legend-item-icon wpbs-legend-item-icon-1\" data-type=\"single\"><div class=\"wpbs-legend-item-icon-color\" ><\/div><div class=\"wpbs-legend-item-icon-color\" ><\/div><\/div><div class=\"wpbs-date-inner\"><span class=\"wpbs-date-number\">21<\/span><\/div><\/div><\/td><td><div class=\"wpbs-date wpbs-legend-item-1 wpbs-date-today  wpbs-is-bookable \" data-year=\"2026\" data-month=\"4\" data-day=\"22\" data-price=\"\"><div class=\"wpbs-legend-item-icon wpbs-legend-item-icon-1\" data-type=\"single\"><div class=\"wpbs-legend-item-icon-color\" ><\/div><div class=\"wpbs-legend-item-icon-color\" ><\/div><\/div><div class=\"wpbs-date-inner\"><span class=\"wpbs-date-number\">22<\/span><\/div><\/div><\/td><td><div class=\"wpbs-date wpbs-legend-item-1   wpbs-is-bookable \" data-year=\"2026\" data-month=\"4\" data-day=\"23\" data-price=\"\"><div class=\"wpbs-legend-item-icon wpbs-legend-item-icon-1\" data-type=\"single\"><div class=\"wpbs-legend-item-icon-color\" ><\/div><div class=\"wpbs-legend-item-icon-color\" ><\/div><\/div><div class=\"wpbs-date-inner\"><span class=\"wpbs-date-number\">23<\/span><\/div><\/div><\/td><td><div class=\"wpbs-date wpbs-legend-item-2    \" data-year=\"2026\" data-month=\"4\" data-day=\"24\" data-price=\"\"><div class=\"wpbs-legend-item-icon wpbs-legend-item-icon-2\" data-type=\"single\"><div class=\"wpbs-legend-item-icon-color\" ><\/div><div class=\"wpbs-legend-item-icon-color\" ><\/div><\/div><div class=\"wpbs-date-inner\"><span class=\"wpbs-date-number\">24<\/span><\/div><\/div><\/td><td><div class=\"wpbs-date wpbs-legend-item-2    \" data-year=\"2026\" data-month=\"4\" data-day=\"25\" data-price=\"\"><div class=\"wpbs-legend-item-icon wpbs-legend-item-icon-2\" data-type=\"single\"><div class=\"wpbs-legend-item-icon-color\" ><\/div><div class=\"wpbs-legend-item-icon-color\" ><\/div><\/div><div class=\"wpbs-date-inner\"><span class=\"wpbs-date-number\">25<\/span><\/div><\/div><\/td><td><div class=\"wpbs-date wpbs-legend-item-1   wpbs-is-bookable \" data-year=\"2026\" data-month=\"4\" data-day=\"26\" data-price=\"\"><div class=\"wpbs-legend-item-icon wpbs-legend-item-icon-1\" data-type=\"single\"><div class=\"wpbs-legend-item-icon-color\" ><\/div><div class=\"wpbs-legend-item-icon-color\" ><\/div><\/div><div class=\"wpbs-date-inner\"><span class=\"wpbs-date-number\">26<\/span><\/div><\/div><\/td><\/tr><tr><td><div class=\"wpbs-date wpbs-legend-item-1   wpbs-is-bookable \" data-year=\"2026\" data-month=\"4\" data-day=\"27\" data-price=\"\"><div class=\"wpbs-legend-item-icon wpbs-legend-item-icon-1\" data-type=\"single\"><div class=\"wpbs-legend-item-icon-color\" ><\/div><div class=\"wpbs-legend-item-icon-color\" ><\/div><\/div><div class=\"wpbs-date-inner\"><span class=\"wpbs-date-number\">27<\/span><\/div><\/div><\/td><td><div class=\"wpbs-date wpbs-legend-item-1   wpbs-is-bookable \" data-year=\"2026\" data-month=\"4\" data-day=\"28\" data-price=\"\"><div class=\"wpbs-legend-item-icon wpbs-legend-item-icon-1\" data-type=\"single\"><div class=\"wpbs-legend-item-icon-color\" ><\/div><div class=\"wpbs-legend-item-icon-color\" ><\/div><\/div><div class=\"wpbs-date-inner\"><span class=\"wpbs-date-number\">28<\/span><\/div><\/div><\/td><td><div class=\"wpbs-date wpbs-legend-item-1   wpbs-is-bookable \" data-year=\"2026\" data-month=\"4\" data-day=\"29\" data-price=\"\"><div class=\"wpbs-legend-item-icon wpbs-legend-item-icon-1\" data-type=\"single\"><div class=\"wpbs-legend-item-icon-color\" ><\/div><div class=\"wpbs-legend-item-icon-color\" ><\/div><\/div><div class=\"wpbs-date-inner\"><span class=\"wpbs-date-number\">29<\/span><\/div><\/div><\/td><td><div class=\"wpbs-date wpbs-legend-item-1   wpbs-is-bookable \" data-year=\"2026\" data-month=\"4\" data-day=\"30\" data-price=\"\"><div class=\"wpbs-legend-item-icon wpbs-legend-item-icon-1\" data-type=\"single\"><div class=\"wpbs-legend-item-icon-color\" ><\/div><div class=\"wpbs-legend-item-icon-color\" ><\/div><\/div><div class=\"wpbs-date-inner\"><span class=\"wpbs-date-number\">30<\/span><\/div><\/div><\/td><td><div class=\"wpbs-date   wpbs-gap  \"  data-price=\"\"><div class=\"wpbs-date-inner\"><\/div><\/div><\/td><td><div class=\"wpbs-date   wpbs-gap  \"  data-price=\"\"><div class=\"wpbs-date-inner\"><\/div><\/div><\/td><td><div class=\"wpbs-date   wpbs-gap  \"  data-price=\"\"><div class=\"wpbs-date-inner\"><\/div><\/div><\/td><\/tr><\/tbody><\/table><\/div><\/div><\/div><\/div><style>.wpbs-container.wpbs-calendar-1 .wpbs-legend-item-icon-1 div:first-of-type { background-color: #ddffcc; }.wpbs-container.wpbs-calendar-1 .wpbs-legend-item-icon-1 div:nth-of-type(2) { background-color: transparent; }.wpbs-container.wpbs-calendar-1 .wpbs-legend-item-icon-1 div:first-of-type svg { fill: #ddffcc; }.wpbs-container.wpbs-calendar-1 .wpbs-legend-item-icon-1 div:nth-of-type(2) svg { fill: transparent; }.wpbs-container.wpbs-calendar-1 .wpbs-legend-item-icon-2 div:first-of-type { background-color: #ffc0bd; }.wpbs-container.wpbs-calendar-1 .wpbs-legend-item-icon-2 div:nth-of-type(2) { background-color: transparent; }.wpbs-container.wpbs-calendar-1 .wpbs-legend-item-icon-2 div:first-of-type svg { fill: #ffc0bd; }.wpbs-container.wpbs-calendar-1 .wpbs-legend-item-icon-2 div:nth-of-type(2) svg { fill: transparent; }.wpbs-container.wpbs-calendar-1 .wpbs-legend-item-icon-today div:first-of-type { background-color: rgba( 33,150,243, .9 ); }.wpbs-container.wpbs-calendar-1 .wpbs-legend-item-icon-0 div:first-of-type { background-color: #e1e1e1; }.wpbs-main-wrapper:not(.wpbs-main-wrapper-form-0) .wpbs-enable-hover .wpbs-is-bookable:hover:not(.wpbs-selected-first):not(.wpbs-selected-last) .wpbs-legend-item-icon div:first-of-type, .wpbs-main-wrapper:not(.wpbs-main-wrapper-form-0) .wpbs-date-hover:not(.wpbs-selected-first):not(.wpbs-selected-last) .wpbs-legend-item-icon div:first-of-type, .wpbs-main-wrapper:not(.wpbs-main-wrapper-form-0) .wpbs-date-hover.wpbs-selected-first.wpbs-selected-last .wpbs-legend-item-icon div:first-of-type { background-color: #7bb9e4; }.wpbs-main-wrapper:not(.wpbs-main-wrapper-form-0) .wpbs-enable-hover .wpbs-is-bookable:hover:not(.wpbs-selected-first):not(.wpbs-selected-last) .wpbs-legend-item-icon[data-type=\"split\"] div svg, .wpbs-main-wrapper:not(.wpbs-main-wrapper-form-0) .wpbs-date-hover:not(.wpbs-selected-first):not(.wpbs-selected-last) .wpbs-legend-item-icon[data-type=\"split\"] div svg, .wpbs-main-wrapper:not(.wpbs-main-wrapper-form-0) .wpbs-legend-item-icon .wpbs-legend-icon-select svg { fill: #7bb9e4; }.wpbs-main-wrapper:not(.wpbs-main-wrapper-form-0) .wpbs-date-selected:not(.wpbs-selected-first):not(.wpbs-selected-last) .wpbs-legend-item-icon div:first-of-type, .wpbs-main-wrapper:not(.wpbs-main-wrapper-form-0) .wpbs-date-selected.wpbs-selected-first.wpbs-selected-last .wpbs-legend-item-icon div:first-of-type, .wpbs-main-wrapper:not(.wpbs-main-wrapper-form-0) .wpbs-enable-hover .wpbs-date-selected:hover:not(.wpbs-selected-first):not(.wpbs-selected-last) .wpbs-legend-item-icon div:first-of-type { background-color: #5aa7dd; }.wpbs-main-wrapper:not(.wpbs-main-wrapper-form-0) .wpbs-date-selected:not(.wpbs-selected-first):not(.wpbs-selected-last) .wpbs-legend-item-icon[data-type=\"split\"] div svg, .wpbs-main-wrapper:not(.wpbs-main-wrapper-form-0) .wpbs-enable-hover .wpbs-date-selected:hover:not(.wpbs-selected-first):not(.wpbs-selected-last) .wpbs-legend-item-icon[data-type=\"split\"] div svg, .wpbs-main-wrapper:not(.wpbs-main-wrapper-form-0) .wpbs-date-selected .wpbs-legend-item-icon .wpbs-legend-icon-select svg { fill: #5aa7dd; }<\/style><div class=\"wpbs-container-loaded\" data-just-loaded=\"1\"><\/div><\/div><\/div>\n\n\n<p><\/p>\n","protected":false},"excerpt":{"rendered":"<p>Hier k\u00f6nnt ihr euch eine \u00dcbersicht \u00fcber noch freie Termine in der Scheune verschaffen. Da wir die Scheune ehrenamtlich betreiben, [&hellip;]<\/p>\n","protected":false},"author":1,"featured_media":0,"parent":0,"menu_order":0,"comment_status":"closed","ping_status":"closed","template":"","meta":{"_EventAllDay":false,"_EventTimezone":"","_EventStartDate":"","_EventEndDate":"","_EventStartDateUTC":"","_EventEndDateUTC":"","_EventShowMap":false,"_EventShowMapLink":false,"_EventURL":"","_EventCost":"","_EventCostDescription":"","_EventCurrencySymbol":"","_EventCurrencyCode":"","_EventCurrencyPosition":"","_EventDateTimeSeparator":"","_EventTimeRangeSeparator":"","_EventOrganizerID":[],"_EventVenueID":[],"_OrganizerEmail":"","_OrganizerPhone":"","_OrganizerWebsite":"","_VenueAddress":"","_VenueCity":"","_VenueCountry":"","_VenueProvince":"","_VenueState":"","_VenueZip":"","_VenuePhone":"","_VenueURL":"","_VenueStateProvince":"","_VenueLat":"","_VenueLng":"","_VenueShowMap":false,"_VenueShowMapLink":false,"footnotes":""},"class_list":["post-69","page","type-page","status-publish","hentry"],"_links":{"self":[{"href":"https:\/\/kusch-baiersdorf.de\/en\/wp-json\/wp\/v2\/pages\/69","targetHints":{"allow":["GET"]}}],"collection":[{"href":"https:\/\/kusch-baiersdorf.de\/en\/wp-json\/wp\/v2\/pages"}],"about":[{"href":"https:\/\/kusch-baiersdorf.de\/en\/wp-json\/wp\/v2\/types\/page"}],"author":[{"embeddable":true,"href":"https:\/\/kusch-baiersdorf.de\/en\/wp-json\/wp\/v2\/users\/1"}],"replies":[{"embeddable":true,"href":"https:\/\/kusch-baiersdorf.de\/en\/wp-json\/wp\/v2\/comments?post=69"}],"version-history":[{"count":6,"href":"https:\/\/kusch-baiersdorf.de\/en\/wp-json\/wp\/v2\/pages\/69\/revisions"}],"predecessor-version":[{"id":1120,"href":"https:\/\/kusch-baiersdorf.de\/en\/wp-json\/wp\/v2\/pages\/69\/revisions\/1120"}],"wp:attachment":[{"href":"https:\/\/kusch-baiersdorf.de\/en\/wp-json\/wp\/v2\/media?parent=69"}],"curies":[{"name":"wp","href":"https:\/\/api.w.org\/{rel}","templated":true}]}}