{"id":40,"date":"2021-08-08T14:32:21","date_gmt":"2021-08-08T14:32:21","guid":{"rendered":"http:\/\/kusch-baiersdorf.de\/?page_id=40"},"modified":"2026-01-07T21:24:32","modified_gmt":"2026-01-07T19:24:32","slug":"marktschwaermerei-baiersdorf","status":"publish","type":"page","link":"https:\/\/kusch-baiersdorf.de\/en\/marktschwaermerei-baiersdorf\/","title":{"rendered":"Baiersdorf market hawker"},"content":{"rendered":"<p class=\"has-text-color\" style=\"color:#000000\">Unfortunately, Marktschw\u00e4rmerei Baiersdorf ceased operations on 31 December 2025. The service is therefore no longer available. Thank you for five wonderful years!<\/p>\n\n\n\n<p>However, you can order the meat products previously offered directly from Johannes Fetz, and he will deliver them to the barn once a month by arrangement to hand them over to you. Simply send an email to bestellung@gasthausfetz.de and you will receive the current order list.<\/p>","protected":false},"excerpt":{"rendered":"<p>Die Marktschw\u00e4rmerei Baiersdorf hat leider zum 31.12.25 den Betrieb eingestellt. Das Angebot ist somit nicht mehr verf\u00fcgbar. Vielen Dank f\u00fcr [&hellip;]<\/p>\n","protected":false},"author":1,"featured_media":0,"parent":0,"menu_order":0,"comment_status":"closed","ping_status":"closed","template":"","meta":{"_EventAllDay":false,"_EventTimezone":"","_EventStartDate":"","_EventEndDate":"","_EventStartDateUTC":"","_EventEndDateUTC":"","_EventShowMap":false,"_EventShowMapLink":false,"_EventURL":"","_EventCost":"","_EventCostDescription":"","_EventCurrencySymbol":"","_EventCurrencyCode":"","_EventCurrencyPosition":"","_EventDateTimeSeparator":"","_EventTimeRangeSeparator":"","_EventOrganizerID":[],"_EventVenueID":[],"_OrganizerEmail":"","_OrganizerPhone":"","_OrganizerWebsite":"","_VenueAddress":"","_VenueCity":"","_VenueCountry":"","_VenueProvince":"","_VenueState":"","_VenueZip":"","_VenuePhone":"","_VenueURL":"","_VenueStateProvince":"","_VenueLat":"","_VenueLng":"","_VenueShowMap":false,"_VenueShowMapLink":false,"footnotes":""},"class_list":["post-40","page","type-page","status-publish","hentry"],"_links":{"self":[{"href":"https:\/\/kusch-baiersdorf.de\/en\/wp-json\/wp\/v2\/pages\/40","targetHints":{"allow":["GET"]}}],"collection":[{"href":"https:\/\/kusch-baiersdorf.de\/en\/wp-json\/wp\/v2\/pages"}],"about":[{"href":"https:\/\/kusch-baiersdorf.de\/en\/wp-json\/wp\/v2\/types\/page"}],"author":[{"embeddable":true,"href":"https:\/\/kusch-baiersdorf.de\/en\/wp-json\/wp\/v2\/users\/1"}],"replies":[{"embeddable":true,"href":"https:\/\/kusch-baiersdorf.de\/en\/wp-json\/wp\/v2\/comments?post=40"}],"version-history":[{"count":3,"href":"https:\/\/kusch-baiersdorf.de\/en\/wp-json\/wp\/v2\/pages\/40\/revisions"}],"predecessor-version":[{"id":1283,"href":"https:\/\/kusch-baiersdorf.de\/en\/wp-json\/wp\/v2\/pages\/40\/revisions\/1283"}],"wp:attachment":[{"href":"https:\/\/kusch-baiersdorf.de\/en\/wp-json\/wp\/v2\/media?parent=40"}],"curies":[{"name":"wp","href":"https:\/\/api.w.org\/{rel}","templated":true}]}}